{"id":997,"date":"2025-06-05T11:44:33","date_gmt":"2025-06-05T09:44:33","guid":{"rendered":"https:\/\/cleanpower.be\/?page_id=997"},"modified":"2026-04-23T10:27:21","modified_gmt":"2026-04-23T08:27:21","slug":"appartementsgebouw","status":"publish","type":"page","link":"https:\/\/cleanpower.be\/nl\/diensten\/schoonmaak-van-professionele-ruimten\/appartementsgebouw\/","title":{"rendered":"Appartementsgebouw"},"content":{"rendered":"","protected":false},"excerpt":{"rendered":"","protected":false},"author":1,"featured_media":1003,"parent":622,"menu_order":0,"comment_status":"closed","ping_status":"closed","template":"","meta":{"footnotes":""},"categories":[],"tags":[22,28],"class_list":["post-997","page","type-page","status-publish","has-post-thumbnail","hentry","tag-enfants-nl","tag-nettoyage-espaces-professionnels-nl"],"yoast_head":"<!-- This site is optimized with the Yoast SEO plugin v22.2 - https:\/\/yoast.com\/wordpress\/plugins\/seo\/ -->\n<title>Confiez-nous le nettoyage de vos r\u00e9seaux d\u2019enseignes - Clean Power<\/title>\n<meta name=\"description\" content=\"D\u00e9couvrez pourquoi confier le nettoyage de vos r\u00e9seaux d\u2019enseignes \u00e0 une soci\u00e9t\u00e9 de nettoyage professionnelle.\" \/>\n<meta name=\"robots\" content=\"index, follow, max-snippet:-1, max-image-preview:large, max-video-preview:-1\" \/>\n<link rel=\"canonical\" href=\"https:\/\/cleanpower.be\/nl\/diensten\/schoonmaak-van-professionele-ruimten\/appartementsgebouw\/\" \/>\n<meta property=\"og:locale\" content=\"nl_NL\" \/>\n<meta property=\"og:type\" content=\"article\" \/>\n<meta property=\"og:title\" content=\"Confiez-nous le nettoyage de vos r\u00e9seaux d\u2019enseignes - Clean Power\" \/>\n<meta property=\"og:description\" content=\"D\u00e9couvrez pourquoi confier le nettoyage de vos r\u00e9seaux d\u2019enseignes \u00e0 une soci\u00e9t\u00e9 de nettoyage professionnelle.\" \/>\n<meta property=\"og:url\" content=\"https:\/\/cleanpower.be\/nl\/diensten\/schoonmaak-van-professionele-ruimten\/appartementsgebouw\/\" \/>\n<meta property=\"og:site_name\" content=\"Clean Power\" \/>\n<meta property=\"article:publisher\" content=\"https:\/\/www.facebook.com\/cleanpowersa\" \/>\n<meta property=\"article:modified_time\" content=\"2026-04-23T08:27:21+00:00\" \/>\n<meta property=\"og:image\" content=\"https:\/\/cleanpower.be\/wp-content\/uploads\/2025\/06\/Communs_carrousel_desk.jpg\" \/>\n\t<meta property=\"og:image:width\" content=\"353\" \/>\n\t<meta property=\"og:image:height\" content=\"353\" \/>\n\t<meta property=\"og:image:type\" content=\"image\/jpeg\" \/>\n<meta name=\"twitter:card\" content=\"summary_large_image\" \/>\n<meta name=\"twitter:label1\" content=\"Geschatte leestijd\" \/>\n\t<meta name=\"twitter:data1\" content=\"6 minuten\" \/>\n<script type=\"application\/ld+json\" class=\"yoast-schema-graph\">{\"@context\":\"https:\/\/schema.org\",\"@graph\":[{\"@type\":\"WebPage\",\"@id\":\"https:\/\/cleanpower.be\/nl\/diensten\/schoonmaak-van-professionele-ruimten\/appartementsgebouw\/\",\"url\":\"https:\/\/cleanpower.be\/nl\/diensten\/schoonmaak-van-professionele-ruimten\/appartementsgebouw\/\",\"name\":\"Confiez-nous le nettoyage de vos r\u00e9seaux d\u2019enseignes - Clean Power\",\"isPartOf\":{\"@id\":\"https:\/\/cleanpower.be\/nl\/#website\"},\"primaryImageOfPage\":{\"@id\":\"https:\/\/cleanpower.be\/nl\/diensten\/schoonmaak-van-professionele-ruimten\/appartementsgebouw\/#primaryimage\"},\"image\":{\"@id\":\"https:\/\/cleanpower.be\/nl\/diensten\/schoonmaak-van-professionele-ruimten\/appartementsgebouw\/#primaryimage\"},\"thumbnailUrl\":\"https:\/\/cleanpower.be\/wp-content\/uploads\/2025\/06\/Communs_carrousel_desk.jpg\",\"datePublished\":\"2025-06-05T09:44:33+00:00\",\"dateModified\":\"2026-04-23T08:27:21+00:00\",\"description\":\"D\u00e9couvrez pourquoi confier le nettoyage de vos r\u00e9seaux d\u2019enseignes \u00e0 une soci\u00e9t\u00e9 de nettoyage professionnelle.\",\"breadcrumb\":{\"@id\":\"https:\/\/cleanpower.be\/nl\/diensten\/schoonmaak-van-professionele-ruimten\/appartementsgebouw\/#breadcrumb\"},\"inLanguage\":\"nl-NL\",\"potentialAction\":[{\"@type\":\"ReadAction\",\"target\":[\"https:\/\/cleanpower.be\/nl\/diensten\/schoonmaak-van-professionele-ruimten\/appartementsgebouw\/\"]}]},{\"@type\":\"ImageObject\",\"inLanguage\":\"nl-NL\",\"@id\":\"https:\/\/cleanpower.be\/nl\/diensten\/schoonmaak-van-professionele-ruimten\/appartementsgebouw\/#primaryimage\",\"url\":\"https:\/\/cleanpower.be\/wp-content\/uploads\/2025\/06\/Communs_carrousel_desk.jpg\",\"contentUrl\":\"https:\/\/cleanpower.be\/wp-content\/uploads\/2025\/06\/Communs_carrousel_desk.jpg\",\"width\":353,\"height\":353,\"caption\":\"Nettoyage de votre immeuble de copropri\u00e9t\u00e9\"},{\"@type\":\"BreadcrumbList\",\"@id\":\"https:\/\/cleanpower.be\/nl\/diensten\/schoonmaak-van-professionele-ruimten\/appartementsgebouw\/#breadcrumb\",\"itemListElement\":[{\"@type\":\"ListItem\",\"position\":1,\"name\":\"Accueil\",\"item\":\"https:\/\/cleanpower.be\/nl\/\"},{\"@type\":\"ListItem\",\"position\":2,\"name\":\"Diensten\",\"item\":\"https:\/\/cleanpower.be\/nl\/diensten\/\"},{\"@type\":\"ListItem\",\"position\":3,\"name\":\"Schoonmaak van professionele ruimten\",\"item\":\"https:\/\/cleanpower.be\/nl\/diensten\/schoonmaak-van-professionele-ruimten\/\"},{\"@type\":\"ListItem\",\"position\":4,\"name\":\"Appartementsgebouw\"}]},{\"@type\":\"WebSite\",\"@id\":\"https:\/\/cleanpower.be\/nl\/#website\",\"url\":\"https:\/\/cleanpower.be\/nl\/\",\"name\":\"Clean Power\",\"description\":\"\",\"publisher\":{\"@id\":\"https:\/\/cleanpower.be\/nl\/#organization\"},\"potentialAction\":[{\"@type\":\"SearchAction\",\"target\":{\"@type\":\"EntryPoint\",\"urlTemplate\":\"https:\/\/cleanpower.be\/nl\/?s={search_term_string}\"},\"query-input\":\"required name=search_term_string\"}],\"inLanguage\":\"nl-NL\"},{\"@type\":\"Organization\",\"@id\":\"https:\/\/cleanpower.be\/nl\/#organization\",\"name\":\"Clean Power\",\"url\":\"https:\/\/cleanpower.be\/nl\/\",\"logo\":{\"@type\":\"ImageObject\",\"inLanguage\":\"nl-NL\",\"@id\":\"https:\/\/cleanpower.be\/nl\/#\/schema\/logo\/image\/\",\"url\":\"https:\/\/cleanpower.be\/wp-content\/uploads\/2023\/11\/logo.png\",\"contentUrl\":\"https:\/\/cleanpower.be\/wp-content\/uploads\/2023\/11\/logo.png\",\"width\":512,\"height\":128,\"caption\":\"Clean Power\"},\"image\":{\"@id\":\"https:\/\/cleanpower.be\/nl\/#\/schema\/logo\/image\/\"},\"sameAs\":[\"https:\/\/www.facebook.com\/cleanpowersa\"]}]}<\/script>\n<!-- \/ Yoast SEO plugin. -->","yoast_head_json":{"title":"Confiez-nous le nettoyage de vos r\u00e9seaux d\u2019enseignes - Clean Power","description":"D\u00e9couvrez pourquoi confier le nettoyage de vos r\u00e9seaux d\u2019enseignes \u00e0 une soci\u00e9t\u00e9 de nettoyage professionnelle.","robots":{"index":"index","follow":"follow","max-snippet":"max-snippet:-1","max-image-preview":"max-image-preview:large","max-video-preview":"max-video-preview:-1"},"canonical":"https:\/\/cleanpower.be\/nl\/diensten\/schoonmaak-van-professionele-ruimten\/appartementsgebouw\/","og_locale":"nl_NL","og_type":"article","og_title":"Confiez-nous le nettoyage de vos r\u00e9seaux d\u2019enseignes - Clean Power","og_description":"D\u00e9couvrez pourquoi confier le nettoyage de vos r\u00e9seaux d\u2019enseignes \u00e0 une soci\u00e9t\u00e9 de nettoyage professionnelle.","og_url":"https:\/\/cleanpower.be\/nl\/diensten\/schoonmaak-van-professionele-ruimten\/appartementsgebouw\/","og_site_name":"Clean Power","article_publisher":"https:\/\/www.facebook.com\/cleanpowersa","article_modified_time":"2026-04-23T08:27:21+00:00","og_image":[{"width":353,"height":353,"url":"https:\/\/cleanpower.be\/wp-content\/uploads\/2025\/06\/Communs_carrousel_desk.jpg","type":"image\/jpeg"}],"twitter_card":"summary_large_image","twitter_misc":{"Geschatte leestijd":"6 minuten"},"schema":{"@context":"https:\/\/schema.org","@graph":[{"@type":"WebPage","@id":"https:\/\/cleanpower.be\/nl\/diensten\/schoonmaak-van-professionele-ruimten\/appartementsgebouw\/","url":"https:\/\/cleanpower.be\/nl\/diensten\/schoonmaak-van-professionele-ruimten\/appartementsgebouw\/","name":"Confiez-nous le nettoyage de vos r\u00e9seaux d\u2019enseignes - Clean Power","isPartOf":{"@id":"https:\/\/cleanpower.be\/nl\/#website"},"primaryImageOfPage":{"@id":"https:\/\/cleanpower.be\/nl\/diensten\/schoonmaak-van-professionele-ruimten\/appartementsgebouw\/#primaryimage"},"image":{"@id":"https:\/\/cleanpower.be\/nl\/diensten\/schoonmaak-van-professionele-ruimten\/appartementsgebouw\/#primaryimage"},"thumbnailUrl":"https:\/\/cleanpower.be\/wp-content\/uploads\/2025\/06\/Communs_carrousel_desk.jpg","datePublished":"2025-06-05T09:44:33+00:00","dateModified":"2026-04-23T08:27:21+00:00","description":"D\u00e9couvrez pourquoi confier le nettoyage de vos r\u00e9seaux d\u2019enseignes \u00e0 une soci\u00e9t\u00e9 de nettoyage professionnelle.","breadcrumb":{"@id":"https:\/\/cleanpower.be\/nl\/diensten\/schoonmaak-van-professionele-ruimten\/appartementsgebouw\/#breadcrumb"},"inLanguage":"nl-NL","potentialAction":[{"@type":"ReadAction","target":["https:\/\/cleanpower.be\/nl\/diensten\/schoonmaak-van-professionele-ruimten\/appartementsgebouw\/"]}]},{"@type":"ImageObject","inLanguage":"nl-NL","@id":"https:\/\/cleanpower.be\/nl\/diensten\/schoonmaak-van-professionele-ruimten\/appartementsgebouw\/#primaryimage","url":"https:\/\/cleanpower.be\/wp-content\/uploads\/2025\/06\/Communs_carrousel_desk.jpg","contentUrl":"https:\/\/cleanpower.be\/wp-content\/uploads\/2025\/06\/Communs_carrousel_desk.jpg","width":353,"height":353,"caption":"Nettoyage de votre immeuble de copropri\u00e9t\u00e9"},{"@type":"BreadcrumbList","@id":"https:\/\/cleanpower.be\/nl\/diensten\/schoonmaak-van-professionele-ruimten\/appartementsgebouw\/#breadcrumb","itemListElement":[{"@type":"ListItem","position":1,"name":"Accueil","item":"https:\/\/cleanpower.be\/nl\/"},{"@type":"ListItem","position":2,"name":"Diensten","item":"https:\/\/cleanpower.be\/nl\/diensten\/"},{"@type":"ListItem","position":3,"name":"Schoonmaak van professionele ruimten","item":"https:\/\/cleanpower.be\/nl\/diensten\/schoonmaak-van-professionele-ruimten\/"},{"@type":"ListItem","position":4,"name":"Appartementsgebouw"}]},{"@type":"WebSite","@id":"https:\/\/cleanpower.be\/nl\/#website","url":"https:\/\/cleanpower.be\/nl\/","name":"Clean Power","description":"","publisher":{"@id":"https:\/\/cleanpower.be\/nl\/#organization"},"potentialAction":[{"@type":"SearchAction","target":{"@type":"EntryPoint","urlTemplate":"https:\/\/cleanpower.be\/nl\/?s={search_term_string}"},"query-input":"required name=search_term_string"}],"inLanguage":"nl-NL"},{"@type":"Organization","@id":"https:\/\/cleanpower.be\/nl\/#organization","name":"Clean Power","url":"https:\/\/cleanpower.be\/nl\/","logo":{"@type":"ImageObject","inLanguage":"nl-NL","@id":"https:\/\/cleanpower.be\/nl\/#\/schema\/logo\/image\/","url":"https:\/\/cleanpower.be\/wp-content\/uploads\/2023\/11\/logo.png","contentUrl":"https:\/\/cleanpower.be\/wp-content\/uploads\/2023\/11\/logo.png","width":512,"height":128,"caption":"Clean Power"},"image":{"@id":"https:\/\/cleanpower.be\/nl\/#\/schema\/logo\/image\/"},"sameAs":["https:\/\/www.facebook.com\/cleanpowersa"]}]}},"_links":{"self":[{"href":"https:\/\/cleanpower.be\/nl\/wp-json\/wp\/v2\/pages\/997","targetHints":{"allow":["GET"]}}],"collection":[{"href":"https:\/\/cleanpower.be\/nl\/wp-json\/wp\/v2\/pages"}],"about":[{"href":"https:\/\/cleanpower.be\/nl\/wp-json\/wp\/v2\/types\/page"}],"author":[{"embeddable":true,"href":"https:\/\/cleanpower.be\/nl\/wp-json\/wp\/v2\/users\/1"}],"replies":[{"embeddable":true,"href":"https:\/\/cleanpower.be\/nl\/wp-json\/wp\/v2\/comments?post=997"}],"version-history":[{"count":2,"href":"https:\/\/cleanpower.be\/nl\/wp-json\/wp\/v2\/pages\/997\/revisions"}],"predecessor-version":[{"id":1252,"href":"https:\/\/cleanpower.be\/nl\/wp-json\/wp\/v2\/pages\/997\/revisions\/1252"}],"up":[{"embeddable":true,"href":"https:\/\/cleanpower.be\/nl\/wp-json\/wp\/v2\/pages\/622"}],"wp:featuredmedia":[{"embeddable":true,"href":"https:\/\/cleanpower.be\/nl\/wp-json\/wp\/v2\/media\/1003"}],"wp:attachment":[{"href":"https:\/\/cleanpower.be\/nl\/wp-json\/wp\/v2\/media?parent=997"}],"wp:term":[{"taxonomy":"category","embeddable":true,"href":"https:\/\/cleanpower.be\/nl\/wp-json\/wp\/v2\/categories?post=997"},{"taxonomy":"post_tag","embeddable":true,"href":"https:\/\/cleanpower.be\/nl\/wp-json\/wp\/v2\/tags?post=997"}],"curies":[{"name":"wp","href":"https:\/\/api.w.org\/{rel}","templated":true}]}}